{"id":67,"date":"2024-07-10T15:17:12","date_gmt":"2024-07-10T15:17:12","guid":{"rendered":"https:\/\/www.yaacovafik.net\/hakkinda\/"},"modified":"2024-07-16T13:59:37","modified_gmt":"2024-07-16T13:59:37","slug":"hakkinda","status":"publish","type":"page","link":"https:\/\/www.yaacovafik.net\/tr\/","title":{"rendered":"Hakkinda"},"content":{"rendered":"<p>[et_pb_section fb_built=&#8221;1&#8243; _builder_version=&#8221;4.21.0&#8243; _module_preset=&#8221;default&#8221; background_color=&#8221;#dcf0fc&#8221; global_colors_info=&#8221;{}&#8221;][et_pb_row column_structure=&#8221;2_5,3_5&#8243; _builder_version=&#8221;4.21.0&#8243; _module_preset=&#8221;default&#8221; global_colors_info=&#8221;{}&#8221;][et_pb_column type=&#8221;2_5&#8243; _builder_version=&#8221;4.21.0&#8243; _module_preset=&#8221;default&#8221; global_colors_info=&#8221;{}&#8221;][et_pb_image src=&#8221;https:\/\/www.yaacovafik.net\/wp-content\/uploads\/2024\/07\/Yaacov-Afik-Profile.png&#8221; title_text=&#8221;Yaacov-Afik-Profile&#8221; _builder_version=&#8221;4.21.0&#8243; _module_preset=&#8221;default&#8221; width=&#8221;64%&#8221; module_alignment=&#8221;center&#8221; border_radii=&#8221;on|20px|20px|20px|20px&#8221; global_colors_info=&#8221;{}&#8221;][\/et_pb_image][et_pb_social_media_follow _builder_version=&#8221;4.26.1&#8243; _module_preset=&#8221;default&#8221; text_orientation=&#8221;center&#8221; hover_enabled=&#8221;0&#8243; global_colors_info=&#8221;{}&#8221; locked=&#8221;off&#8221; sticky_enabled=&#8221;0&#8243;][et_pb_social_media_follow_network social_network=&#8221;facebook&#8221; url=&#8221;https:\/\/www.facebook.com\/YaacovAfik.TR\/&#8221; icon_color=&#8221;#dcf0fc&#8221; _builder_version=&#8221;4.26.1&#8243; _module_preset=&#8221;default&#8221; background_color=&#8221;#000b60&#8243; background_enable_color=&#8221;on&#8221; hover_enabled=&#8221;0&#8243; global_colors_info=&#8221;{}&#8221; follow_button=&#8221;off&#8221; url_new_window=&#8221;on&#8221; sticky_enabled=&#8221;0&#8243;]facebook[\/et_pb_social_media_follow_network][et_pb_social_media_follow_network social_network=&#8221;twitter&#8221; url=&#8221;https:\/\/twitter.com\/YaacovAfik_TR&#8221; icon_color=&#8221;#dcf0fc&#8221; _builder_version=&#8221;4.26.1&#8243; _module_preset=&#8221;default&#8221; background_color=&#8221;#000b60&#8243; background_enable_color=&#8221;on&#8221; hover_enabled=&#8221;0&#8243; global_colors_info=&#8221;{}&#8221; follow_button=&#8221;off&#8221; url_new_window=&#8221;on&#8221; sticky_enabled=&#8221;0&#8243;]X[\/et_pb_social_media_follow_network][et_pb_social_media_follow_network social_network=&#8221;linkedin&#8221; url=&#8221;https:\/\/www.linkedin.com\/in\/jackafik\/&#8221; icon_color=&#8221;#dcf0fc&#8221; _builder_version=&#8221;4.26.1&#8243; _module_preset=&#8221;default&#8221; background_color=&#8221;#000b60&#8243; background_enable_color=&#8221;on&#8221; global_colors_info=&#8221;{}&#8221; follow_button=&#8221;off&#8221; url_new_window=&#8221;on&#8221;]linkedin[\/et_pb_social_media_follow_network][et_pb_social_media_follow_network social_network=&#8221;medium&#8221; url=&#8221;https:\/\/medium.com\/@YaacovAfik_TR&#8221; icon_color=&#8221;#dcf0fc&#8221; _builder_version=&#8221;4.26.1&#8243; _module_preset=&#8221;default&#8221; background_color=&#8221;#000b60&#8243; background_enable_color=&#8221;on&#8221; hover_enabled=&#8221;0&#8243; global_colors_info=&#8221;{}&#8221; follow_button=&#8221;off&#8221; url_new_window=&#8221;on&#8221; sticky_enabled=&#8221;0&#8243;]medium[\/et_pb_social_media_follow_network][et_pb_social_media_follow_network social_network=&#8221;instagram&#8221; url=&#8221;https:\/\/www.instagram.com\/yaacovafik_tr\/&#8221; icon_color=&#8221;#dcf0fc&#8221; _builder_version=&#8221;4.26.1&#8243; _module_preset=&#8221;default&#8221; background_color=&#8221;#000b60&#8243; background_enable_color=&#8221;on&#8221; hover_enabled=&#8221;0&#8243; global_colors_info=&#8221;{}&#8221; follow_button=&#8221;off&#8221; url_new_window=&#8221;on&#8221; sticky_enabled=&#8221;0&#8243;]instagram[\/et_pb_social_media_follow_network][\/et_pb_social_media_follow][\/et_pb_column][et_pb_column type=&#8221;3_5&#8243; _builder_version=&#8221;4.21.0&#8243; _module_preset=&#8221;default&#8221; global_colors_info=&#8221;{}&#8221;][et_pb_text module_id=&#8221;home&#8221; _builder_version=&#8221;4.21.0&#8243; _module_preset=&#8221;default&#8221; global_colors_info=&#8221;{}&#8221;]<\/p>\n<h1>Yaacov Afik<\/h1>\n<p>[\/et_pb_text][et_pb_divider color=&#8221;#000b60&#8243; divider_weight=&#8221;1px&#8221; _builder_version=&#8221;4.21.0&#8243; _module_preset=&#8221;default&#8221; width=&#8221;24%&#8221; global_colors_info=&#8221;{}&#8221;][\/et_pb_divider][et_pb_text _builder_version=&#8221;4.21.0&#8243; _module_preset=&#8221;default&#8221; global_colors_info=&#8221;{}&#8221;]<\/p>\n<p>Gayrimenkul ve sa\u011fl\u0131k teknolojisi giri\u015fimcisi Yaacov Afik, bir kanser hastalar\u0131 derne\u011finin y\u00f6netim kurulu \u00fcyesi ve ba\u011f\u0131\u015f\u00e7\u0131s\u0131d\u0131r; ba\u015fkalar\u0131n\u0131n sa\u011fl\u0131\u011f\u0131na katk\u0131da bulunmak onun \u00f6nceli\u011fidir ve ona b\u00fcy\u00fck bir memnuniyet verir. Kendisi ayn\u0131 zamanda Afik Group&#8217;un CEO&#8217;su ve HYGEAR&#8217;\u0131n kurucu orta\u011f\u0131 ve ba\u015fkan\u0131d\u0131r. Afik, gayrimenkul d\u00fcnyas\u0131na derinden ba\u011fl\u0131d\u0131r ve bu sekt\u00f6r\u00fcn insanlar\u0131n ya\u015famlar\u0131 \u00fczerindeki derin etkisinin bilincindedir. \u0130nsanlar\u0131n ya\u015fam kalitesini art\u0131rmak onun temel kayg\u0131s\u0131d\u0131r ve toplumu zenginle\u015ftirme giri\u015fimleri bunu yapmak i\u00e7in \u00e7abalad\u0131\u011f\u0131 yollardan biridir.   <\/p>\n<p>[\/et_pb_text][et_pb_button button_url=&#8221;#hygear&#8221; button_text=&#8221;HYGEAR&#8221; _builder_version=&#8221;4.21.0&#8243; _module_preset=&#8221;default&#8221; global_colors_info=&#8221;{}&#8221;][\/et_pb_button][\/et_pb_column][\/et_pb_row][\/et_pb_section][et_pb_section fb_built=&#8221;1&#8243; _builder_version=&#8221;4.21.0&#8243; _module_preset=&#8221;default&#8221; background_color=&#8221;#dcf0fc&#8221; global_colors_info=&#8221;{}&#8221;][et_pb_row column_structure=&#8221;3_5,2_5&#8243; _builder_version=&#8221;4.21.0&#8243; _module_preset=&#8221;default&#8221; global_colors_info=&#8221;{}&#8221;][et_pb_column type=&#8221;3_5&#8243; _builder_version=&#8221;4.21.0&#8243; _module_preset=&#8221;default&#8221; global_colors_info=&#8221;{}&#8221;][et_pb_text module_id=&#8221;hygear&#8221; _builder_version=&#8221;4.21.0&#8243; _module_preset=&#8221;default&#8221; global_colors_info=&#8221;{}&#8221;]<\/p>\n<h2>HYGEAR<\/h2>\n<p>[\/et_pb_text][et_pb_divider color=&#8221;#000b60&#8243; divider_weight=&#8221;1px&#8221; _builder_version=&#8221;4.21.0&#8243; _module_preset=&#8221;default&#8221; width=&#8221;24%&#8221; global_colors_info=&#8221;{}&#8221;][\/et_pb_divider][et_pb_text _builder_version=&#8221;4.21.0&#8243; _module_preset=&#8221;default&#8221; global_colors_info=&#8221;{}&#8221;]<\/p>\n<p>HYGEAR \u00fcr\u00fcnleri, ak\u0131ll\u0131 fitness ekipmanlar\u0131n\u0131 uygun fiyatl\u0131 ve herkes i\u00e7in eri\u015filebilir hale getirmek i\u00e7in tasarlanm\u0131\u015ft\u0131r ve kullan\u0131c\u0131n\u0131n nerede olursa olsun yan\u0131nda g\u00f6t\u00fcrebilece\u011fi ki\u015fiselle\u015ftirilmi\u015f bir egzersiz sa\u011flar. HYGEAR uygulamas\u0131, kullan\u0131c\u0131lar\u0131n kilo, kalori yak\u0131m\u0131 ve tekrarlar gibi ger\u00e7ek zamanl\u0131 \u00f6l\u00e7\u00fcmleri takip etmelerini ve y\u00fczlerce \u00fccretsiz egzersiz demosuna ve egzersiz program\u0131na eri\u015fmelerini sa\u011flayan ki\u015fisel bir fitness merkezi g\u00f6revi g\u00f6r\u00fcr. Uygulama ayr\u0131ca, kilometre ta\u015flar\u0131na veya serilere ula\u015f\u0131ld\u0131\u011f\u0131nda kazan\u0131lan \u00f6d\u00fcller arac\u0131l\u0131\u011f\u0131yla kullan\u0131c\u0131lar\u0131n\u0131n motivasyonunu korumas\u0131na yard\u0131mc\u0131 olabilir ve \u0131smarlama bir egzersiz rutini olu\u015fturmak i\u00e7in bir DIY Training Builder i\u00e7erir.  <\/p>\n<p>[\/et_pb_text][et_pb_button button_url=&#8221;#brazilian-jiu-jitsu&#8221; button_text=&#8221;Brezilya jiu-jitsu&#8221; _builder_version=&#8221;4.26.1&#8243; _module_preset=&#8221;default&#8221; hover_enabled=&#8221;0&#8243; global_colors_info=&#8221;{}&#8221; sticky_enabled=&#8221;0&#8243;][\/et_pb_button][\/et_pb_column][et_pb_column type=&#8221;2_5&#8243; _builder_version=&#8221;4.21.0&#8243; _module_preset=&#8221;default&#8221; global_colors_info=&#8221;{}&#8221;][et_pb_image src=&#8221;https:\/\/www.yaacovafik.net\/wp-content\/uploads\/2024\/07\/Yaacov-Afik-HYGEAR-2.webp&#8221; title_text=&#8221;Yaacov-Afik-HYGEAR-2&#8243; _builder_version=&#8221;4.21.0&#8243; _module_preset=&#8221;default&#8221; global_colors_info=&#8221;{}&#8221;][\/et_pb_image][\/et_pb_column][\/et_pb_row][\/et_pb_section][et_pb_section fb_built=&#8221;1&#8243; _builder_version=&#8221;4.21.0&#8243; _module_preset=&#8221;default&#8221; background_color=&#8221;#dcf0fc&#8221; global_colors_info=&#8221;{}&#8221;][et_pb_row column_structure=&#8221;2_5,3_5&#8243; _builder_version=&#8221;4.21.0&#8243; _module_preset=&#8221;default&#8221; global_colors_info=&#8221;{}&#8221;][et_pb_column type=&#8221;2_5&#8243; _builder_version=&#8221;4.21.0&#8243; _module_preset=&#8221;default&#8221; global_colors_info=&#8221;{}&#8221;][et_pb_image src=&#8221;https:\/\/www.yaacovafik.net\/wp-content\/uploads\/2024\/07\/yaacov-afik-brazilian-jiu-jitsu.jpg&#8221; alt=&#8221;Yaacov Afik&#8221; _builder_version=&#8221;4.21.0&#8243; _module_preset=&#8221;default&#8221; border_radii=&#8221;on|20px|20px|20px|20px&#8221; global_colors_info=&#8221;{}&#8221;][\/et_pb_image][\/et_pb_column][et_pb_column type=&#8221;3_5&#8243; _builder_version=&#8221;4.21.0&#8243; _module_preset=&#8221;default&#8221; global_colors_info=&#8221;{}&#8221;][et_pb_text module_id=&#8221;brazilian-jiu-jitsu&#8221; _builder_version=&#8221;4.26.1&#8243; _module_preset=&#8221;default&#8221; hover_enabled=&#8221;0&#8243; global_colors_info=&#8221;{}&#8221; sticky_enabled=&#8221;0&#8243;]<\/p>\n<h1>Brezilya jiu-jitsu<\/h1>\n<p>[\/et_pb_text][et_pb_divider color=&#8221;#000b60&#8243; divider_weight=&#8221;1px&#8221; _builder_version=&#8221;4.21.0&#8243; _module_preset=&#8221;default&#8221; width=&#8221;24%&#8221; global_colors_info=&#8221;{}&#8221;][\/et_pb_divider][et_pb_text _builder_version=&#8221;4.21.0&#8243; _module_preset=&#8221;default&#8221; global_colors_info=&#8221;{}&#8221;]<\/p>\n<p>Bay Afik, Brezilya jiu-jitsu (BJJ) sporunun hevesli bir uygulay\u0131c\u0131s\u0131d\u0131r ve bu sporda kahverengi ku\u015fak sahibidir. BJJ bir d\u00f6v\u00fc\u015f sporu ve teslimiyet tutu\u015flar\u0131na, yer d\u00f6v\u00fc\u015f\u00fcne ve bo\u011fu\u015fmaya dayal\u0131 bir savunma sanat\u0131d\u0131r. \u0130lk olarak 1925 y\u0131l\u0131nda geli\u015ftirilen bu spor, judo ve Gracie jiu-jitsu&#8217;nun uygulamalar\u0131, yenilikleri ve uyarlamalar\u0131yla tan\u0131mlanm\u0131\u015f bir d\u00f6v\u00fc\u015f sporu haline gelmi\u015ftir ve art\u0131k modern MMA i\u00e7in temel bir d\u00f6v\u00fc\u015f sanat\u0131d\u0131r. Bay Afik iki kez Uluslararas\u0131 Jiu-Jitsu Federasyonu Avrupa \u015eampiyonu olmu\u015ftur.   <\/p>\n<p>[\/et_pb_text][et_pb_button button_url=&#8221;#wellness&#8221; button_text=&#8221;Sa\u011fl\u0131k&#8221; _builder_version=&#8221;4.26.1&#8243; _module_preset=&#8221;default&#8221; hover_enabled=&#8221;0&#8243; global_colors_info=&#8221;{}&#8221; sticky_enabled=&#8221;0&#8243;][\/et_pb_button][\/et_pb_column][\/et_pb_row][\/et_pb_section][et_pb_section fb_built=&#8221;1&#8243; _builder_version=&#8221;4.21.0&#8243; _module_preset=&#8221;default&#8221; background_color=&#8221;#dcf0fc&#8221; global_colors_info=&#8221;{}&#8221;][et_pb_row column_structure=&#8221;3_5,2_5&#8243; _builder_version=&#8221;4.21.0&#8243; _module_preset=&#8221;default&#8221; global_colors_info=&#8221;{}&#8221;][et_pb_column type=&#8221;3_5&#8243; _builder_version=&#8221;4.21.0&#8243; _module_preset=&#8221;default&#8221; global_colors_info=&#8221;{}&#8221;][et_pb_text module_id=&#8221;wellness&#8221; _builder_version=&#8221;4.26.1&#8243; _module_preset=&#8221;default&#8221; hover_enabled=&#8221;0&#8243; global_colors_info=&#8221;{}&#8221; sticky_enabled=&#8221;0&#8243;]<\/p>\n<h2>Sa\u011fl\u0131k<\/h2>\n<p>[\/et_pb_text][et_pb_divider color=&#8221;#000b60&#8243; divider_weight=&#8221;1px&#8221; _builder_version=&#8221;4.21.0&#8243; _module_preset=&#8221;default&#8221; width=&#8221;24%&#8221; global_colors_info=&#8221;{}&#8221;][\/et_pb_divider][et_pb_text _builder_version=&#8221;4.21.0&#8243; _module_preset=&#8221;default&#8221; global_colors_info=&#8221;{}&#8221;]<\/p>\n<p>Bay Afik, g\u00fcnl\u00fck rutininde mesleki titizlik ile fiziksel canl\u0131l\u0131k aras\u0131ndaki dengeyi korumak i\u00e7in \u00e7ok \u00e7al\u0131\u015f\u0131yor. BJJ&#8217;nin yan\u0131 s\u0131ra d\u00fczenli olarak meditasyon ve so\u011fuk su terapisi gibi aktivitelere kat\u0131l\u0131yor; bunlardan ikincisi egzersizden sonra buz banyosu yapmay\u0131 i\u00e7eriyor. Bu rejimin kendisini hem gen\u00e7le\u015ftirdi\u011fini hem de azmini ve oda\u011f\u0131n\u0131 keskinle\u015ftirdi\u011fini d\u00fc\u015f\u00fcn\u00fcyor ve bug\u00fcn kendisi gibi d\u00fc\u015f\u00fcnen bireylerle ba\u011flant\u0131 kurmaya ve onlara ba\u015far\u0131ya do\u011fru kendi yolculuklar\u0131na \u00e7\u0131kmalar\u0131 i\u00e7in ilham vermeye her zamankinden daha kararl\u0131.  <br \/>Meditasyon stresi azaltmak, kayg\u0131y\u0131 hafifletmek ve daha iyi bir duygusal sa\u011fl\u0131\u011f\u0131 te\u015fvik etmek de dahil olmak \u00fczere \u00e7ok say\u0131da fayda sa\u011flayabilir.<\/p>\n<p>Ya\u015fa ba\u011fl\u0131 haf\u0131za kayb\u0131n\u0131 azaltmaya bile yard\u0131mc\u0131 olabilen bu uygulama ile geli\u015fmi\u015f \u00f6z fark\u0131ndal\u0131k, daha iyi uyku ve daha uzun dikkat s\u00fcresi de ili\u015fkilendirilmi\u015ftir.<\/p>\n<p>\u00dc\u00e7 \u00e7ocuk babas\u0131 olan Afik, okumaktan, s\u00f6rf yapmaktan, Orta Do\u011fu mutfa\u011f\u0131ndan ve seyahat etmekten ho\u015flan\u0131yor; Avrupa&#8217;n\u0131n d\u00f6rt bir yan\u0131ndaki \u00fclkelerin yan\u0131 s\u0131ra Dominik Cumhuriyeti, Panama, Sri Lanka ve Hindistan&#8217;\u0131 ziyaret etti.<\/p>\n<p>[\/et_pb_text][et_pb_button button_url=&#8221;#home&#8221; button_text=&#8221;Yaacov Afik&#8221; _builder_version=&#8221;4.26.1&#8243; _module_preset=&#8221;default&#8221; hover_enabled=&#8221;0&#8243; global_colors_info=&#8221;{}&#8221; sticky_enabled=&#8221;0&#8243;][\/et_pb_button][\/et_pb_column][et_pb_column type=&#8221;2_5&#8243; _builder_version=&#8221;4.21.0&#8243; _module_preset=&#8221;default&#8221; global_colors_info=&#8221;{}&#8221;][et_pb_image src=&#8221;https:\/\/www.yaacovafik.net\/wp-content\/uploads\/2024\/07\/yaacov-afik-cold-water-therapy.jpg&#8221; title_text=&#8221;yaacov-afik-cold-water-therapy&#8221; _builder_version=&#8221;4.21.0&#8243; _module_preset=&#8221;default&#8221; border_radii=&#8221;on|20px|20px|20px|20px&#8221; global_colors_info=&#8221;{}&#8221;][\/et_pb_image][\/et_pb_column][\/et_pb_row][\/et_pb_section]<\/p>\n","protected":false},"excerpt":{"rendered":"<p>Yaacov AfikGayrimenkul ve sa\u011fl\u0131k teknolojisi giri\u015fimcisi Yaacov Afik, bir kanser hastalar\u0131 derne\u011finin y\u00f6netim kurulu \u00fcyesi ve ba\u011f\u0131\u015f\u00e7\u0131s\u0131d\u0131r; ba\u015fkalar\u0131n\u0131n sa\u011fl\u0131\u011f\u0131na katk\u0131da bulunmak onun \u00f6nceli\u011fidir ve ona b\u00fcy\u00fck bir memnuniyet verir. Kendisi ayn\u0131 zamanda Afik Group&#8217;un CEO&#8217;su ve HYGEAR&#8217;\u0131n kurucu orta\u011f\u0131 ve ba\u015fkan\u0131d\u0131r. Afik, gayrimenkul d\u00fcnyas\u0131na derinden ba\u011fl\u0131d\u0131r ve bu sekt\u00f6r\u00fcn insanlar\u0131n ya\u015famlar\u0131 \u00fczerindeki derin etkisinin bilincindedir. [&hellip;]<\/p>\n","protected":false},"author":1,"featured_media":0,"parent":0,"menu_order":0,"comment_status":"closed","ping_status":"closed","template":"","meta":{"_et_pb_use_builder":"on","_et_pb_old_content":"","_et_gb_content_width":"","footnotes":""},"class_list":["post-67","page","type-page","status-publish","hentry"],"yoast_head":"<!-- This site is optimized with the Yoast SEO plugin v23.2 - https:\/\/yoast.com\/wordpress\/plugins\/seo\/ -->\n<title>Hakkinda - Yaacov Afik<\/title>\n<meta name=\"description\" content=\"Gayrimenkul ve sa\u011fl\u0131k teknolojisi giri\u015fimcisi Yaacov Afik, bir kanser hastalar\u0131 derne\u011finin y\u00f6netim kurulu \u00fcyesi ve ba\u011f\u0131\u015f\u00e7\u0131s\u0131d\u0131r; ba\u015fkalar\u0131n\u0131n sa\u011fl\u0131\u011f\u0131na katk\u0131da bulunmak onun \u00f6nceli\u011fidir ve ona b\u00fcy\u00fck bir memnuniyet verir. Kendisi ayn\u0131 zamanda Afik Group&#039;un CEO&#039;su ve HYGEAR&#039;\u0131n kurucu orta\u011f\u0131 ve ba\u015fkan\u0131d\u0131r. Afik, gayrimenkul d\u00fcnyas\u0131na derinden ba\u011fl\u0131d\u0131r ve bu sekt\u00f6r\u00fcn insanlar\u0131n ya\u015famlar\u0131 \u00fczerindeki derin etkisinin bilincindedir. \u0130nsanlar\u0131n ya\u015fam kalitesini art\u0131rmak onun temel kayg\u0131s\u0131d\u0131r ve toplumu zenginle\u015ftirme giri\u015fimleri bunu yapmak i\u00e7in \u00e7abalad\u0131\u011f\u0131 yollardan biridir.\" \/>\n<meta name=\"robots\" content=\"index, follow, max-snippet:-1, max-image-preview:large, max-video-preview:-1\" \/>\n<link rel=\"canonical\" href=\"https:\/\/www.yaacovafik.net\/tr\/\" \/>\n<meta property=\"og:locale\" content=\"tr_TR\" \/>\n<meta property=\"og:type\" content=\"article\" \/>\n<meta property=\"og:title\" content=\"Hakkinda - Yaacov Afik\" \/>\n<meta property=\"og:description\" content=\"Gayrimenkul ve sa\u011fl\u0131k teknolojisi giri\u015fimcisi Yaacov Afik, bir kanser hastalar\u0131 derne\u011finin y\u00f6netim kurulu \u00fcyesi ve ba\u011f\u0131\u015f\u00e7\u0131s\u0131d\u0131r; ba\u015fkalar\u0131n\u0131n sa\u011fl\u0131\u011f\u0131na katk\u0131da bulunmak onun \u00f6nceli\u011fidir ve ona b\u00fcy\u00fck bir memnuniyet verir. Kendisi ayn\u0131 zamanda Afik Group&#039;un CEO&#039;su ve HYGEAR&#039;\u0131n kurucu orta\u011f\u0131 ve ba\u015fkan\u0131d\u0131r. Afik, gayrimenkul d\u00fcnyas\u0131na derinden ba\u011fl\u0131d\u0131r ve bu sekt\u00f6r\u00fcn insanlar\u0131n ya\u015famlar\u0131 \u00fczerindeki derin etkisinin bilincindedir. \u0130nsanlar\u0131n ya\u015fam kalitesini art\u0131rmak onun temel kayg\u0131s\u0131d\u0131r ve toplumu zenginle\u015ftirme giri\u015fimleri bunu yapmak i\u00e7in \u00e7abalad\u0131\u011f\u0131 yollardan biridir.\" \/>\n<meta property=\"og:url\" content=\"https:\/\/www.yaacovafik.net\/tr\/\" \/>\n<meta property=\"og:site_name\" content=\"Yaacov Afik\" \/>\n<meta property=\"article:modified_time\" content=\"2024-07-16T13:59:37+00:00\" \/>\n<meta name=\"twitter:card\" content=\"summary_large_image\" \/>\n<meta name=\"twitter:label1\" content=\"Tahmini okuma s\u00fcresi\" \/>\n\t<meta name=\"twitter:data1\" content=\"8 dakika\" \/>\n<script type=\"application\/ld+json\" class=\"yoast-schema-graph\">{\"@context\":\"https:\/\/schema.org\",\"@graph\":[{\"@type\":\"WebPage\",\"@id\":\"https:\/\/www.yaacovafik.net\/tr\/\",\"url\":\"https:\/\/www.yaacovafik.net\/tr\/\",\"name\":\"Hakkinda - Yaacov Afik\",\"isPartOf\":{\"@id\":\"https:\/\/www.yaacovafik.net\/#website\"},\"datePublished\":\"2024-07-10T15:17:12+00:00\",\"dateModified\":\"2024-07-16T13:59:37+00:00\",\"description\":\"Gayrimenkul ve sa\u011fl\u0131k teknolojisi giri\u015fimcisi Yaacov Afik, bir kanser hastalar\u0131 derne\u011finin y\u00f6netim kurulu \u00fcyesi ve ba\u011f\u0131\u015f\u00e7\u0131s\u0131d\u0131r; ba\u015fkalar\u0131n\u0131n sa\u011fl\u0131\u011f\u0131na katk\u0131da bulunmak onun \u00f6nceli\u011fidir ve ona b\u00fcy\u00fck bir memnuniyet verir. Kendisi ayn\u0131 zamanda Afik Group'un CEO'su ve HYGEAR'\u0131n kurucu orta\u011f\u0131 ve ba\u015fkan\u0131d\u0131r. Afik, gayrimenkul d\u00fcnyas\u0131na derinden ba\u011fl\u0131d\u0131r ve bu sekt\u00f6r\u00fcn insanlar\u0131n ya\u015famlar\u0131 \u00fczerindeki derin etkisinin bilincindedir. \u0130nsanlar\u0131n ya\u015fam kalitesini art\u0131rmak onun temel kayg\u0131s\u0131d\u0131r ve toplumu zenginle\u015ftirme giri\u015fimleri bunu yapmak i\u00e7in \u00e7abalad\u0131\u011f\u0131 yollardan biridir.\",\"breadcrumb\":{\"@id\":\"https:\/\/www.yaacovafik.net\/tr\/#breadcrumb\"},\"inLanguage\":\"tr\",\"potentialAction\":[{\"@type\":\"ReadAction\",\"target\":[\"https:\/\/www.yaacovafik.net\/tr\/\"]}]},{\"@type\":\"BreadcrumbList\",\"@id\":\"https:\/\/www.yaacovafik.net\/tr\/#breadcrumb\",\"itemListElement\":[{\"@type\":\"ListItem\",\"position\":1,\"name\":\"Home\",\"item\":\"https:\/\/www.yaacovafik.net\/tr\/\"},{\"@type\":\"ListItem\",\"position\":2,\"name\":\"Hakkinda\"}]},{\"@type\":\"WebSite\",\"@id\":\"https:\/\/www.yaacovafik.net\/#website\",\"url\":\"https:\/\/www.yaacovafik.net\/\",\"name\":\"Yaacov Afik\",\"description\":\"This is the blog of Yaacov Afik\",\"potentialAction\":[{\"@type\":\"SearchAction\",\"target\":{\"@type\":\"EntryPoint\",\"urlTemplate\":\"https:\/\/www.yaacovafik.net\/?s={search_term_string}\"},\"query-input\":\"required name=search_term_string\"}],\"inLanguage\":\"tr\"}]}<\/script>\n<!-- \/ Yoast SEO plugin. -->","yoast_head_json":{"title":"Hakkinda - Yaacov Afik","description":"Gayrimenkul ve sa\u011fl\u0131k teknolojisi giri\u015fimcisi Yaacov Afik, bir kanser hastalar\u0131 derne\u011finin y\u00f6netim kurulu \u00fcyesi ve ba\u011f\u0131\u015f\u00e7\u0131s\u0131d\u0131r; ba\u015fkalar\u0131n\u0131n sa\u011fl\u0131\u011f\u0131na katk\u0131da bulunmak onun \u00f6nceli\u011fidir ve ona b\u00fcy\u00fck bir memnuniyet verir. Kendisi ayn\u0131 zamanda Afik Group'un CEO'su ve HYGEAR'\u0131n kurucu orta\u011f\u0131 ve ba\u015fkan\u0131d\u0131r. Afik, gayrimenkul d\u00fcnyas\u0131na derinden ba\u011fl\u0131d\u0131r ve bu sekt\u00f6r\u00fcn insanlar\u0131n ya\u015famlar\u0131 \u00fczerindeki derin etkisinin bilincindedir. \u0130nsanlar\u0131n ya\u015fam kalitesini art\u0131rmak onun temel kayg\u0131s\u0131d\u0131r ve toplumu zenginle\u015ftirme giri\u015fimleri bunu yapmak i\u00e7in \u00e7abalad\u0131\u011f\u0131 yollardan biridir.","robots":{"index":"index","follow":"follow","max-snippet":"max-snippet:-1","max-image-preview":"max-image-preview:large","max-video-preview":"max-video-preview:-1"},"canonical":"https:\/\/www.yaacovafik.net\/tr\/","og_locale":"tr_TR","og_type":"article","og_title":"Hakkinda - Yaacov Afik","og_description":"Gayrimenkul ve sa\u011fl\u0131k teknolojisi giri\u015fimcisi Yaacov Afik, bir kanser hastalar\u0131 derne\u011finin y\u00f6netim kurulu \u00fcyesi ve ba\u011f\u0131\u015f\u00e7\u0131s\u0131d\u0131r; ba\u015fkalar\u0131n\u0131n sa\u011fl\u0131\u011f\u0131na katk\u0131da bulunmak onun \u00f6nceli\u011fidir ve ona b\u00fcy\u00fck bir memnuniyet verir. Kendisi ayn\u0131 zamanda Afik Group'un CEO'su ve HYGEAR'\u0131n kurucu orta\u011f\u0131 ve ba\u015fkan\u0131d\u0131r. Afik, gayrimenkul d\u00fcnyas\u0131na derinden ba\u011fl\u0131d\u0131r ve bu sekt\u00f6r\u00fcn insanlar\u0131n ya\u015famlar\u0131 \u00fczerindeki derin etkisinin bilincindedir. \u0130nsanlar\u0131n ya\u015fam kalitesini art\u0131rmak onun temel kayg\u0131s\u0131d\u0131r ve toplumu zenginle\u015ftirme giri\u015fimleri bunu yapmak i\u00e7in \u00e7abalad\u0131\u011f\u0131 yollardan biridir.","og_url":"https:\/\/www.yaacovafik.net\/tr\/","og_site_name":"Yaacov Afik","article_modified_time":"2024-07-16T13:59:37+00:00","twitter_card":"summary_large_image","twitter_misc":{"Tahmini okuma s\u00fcresi":"8 dakika"},"schema":{"@context":"https:\/\/schema.org","@graph":[{"@type":"WebPage","@id":"https:\/\/www.yaacovafik.net\/tr\/","url":"https:\/\/www.yaacovafik.net\/tr\/","name":"Hakkinda - Yaacov Afik","isPartOf":{"@id":"https:\/\/www.yaacovafik.net\/#website"},"datePublished":"2024-07-10T15:17:12+00:00","dateModified":"2024-07-16T13:59:37+00:00","description":"Gayrimenkul ve sa\u011fl\u0131k teknolojisi giri\u015fimcisi Yaacov Afik, bir kanser hastalar\u0131 derne\u011finin y\u00f6netim kurulu \u00fcyesi ve ba\u011f\u0131\u015f\u00e7\u0131s\u0131d\u0131r; ba\u015fkalar\u0131n\u0131n sa\u011fl\u0131\u011f\u0131na katk\u0131da bulunmak onun \u00f6nceli\u011fidir ve ona b\u00fcy\u00fck bir memnuniyet verir. Kendisi ayn\u0131 zamanda Afik Group'un CEO'su ve HYGEAR'\u0131n kurucu orta\u011f\u0131 ve ba\u015fkan\u0131d\u0131r. Afik, gayrimenkul d\u00fcnyas\u0131na derinden ba\u011fl\u0131d\u0131r ve bu sekt\u00f6r\u00fcn insanlar\u0131n ya\u015famlar\u0131 \u00fczerindeki derin etkisinin bilincindedir. \u0130nsanlar\u0131n ya\u015fam kalitesini art\u0131rmak onun temel kayg\u0131s\u0131d\u0131r ve toplumu zenginle\u015ftirme giri\u015fimleri bunu yapmak i\u00e7in \u00e7abalad\u0131\u011f\u0131 yollardan biridir.","breadcrumb":{"@id":"https:\/\/www.yaacovafik.net\/tr\/#breadcrumb"},"inLanguage":"tr","potentialAction":[{"@type":"ReadAction","target":["https:\/\/www.yaacovafik.net\/tr\/"]}]},{"@type":"BreadcrumbList","@id":"https:\/\/www.yaacovafik.net\/tr\/#breadcrumb","itemListElement":[{"@type":"ListItem","position":1,"name":"Home","item":"https:\/\/www.yaacovafik.net\/tr\/"},{"@type":"ListItem","position":2,"name":"Hakkinda"}]},{"@type":"WebSite","@id":"https:\/\/www.yaacovafik.net\/#website","url":"https:\/\/www.yaacovafik.net\/","name":"Yaacov Afik","description":"This is the blog of Yaacov Afik","potentialAction":[{"@type":"SearchAction","target":{"@type":"EntryPoint","urlTemplate":"https:\/\/www.yaacovafik.net\/?s={search_term_string}"},"query-input":"required name=search_term_string"}],"inLanguage":"tr"}]}},"_links":{"self":[{"href":"https:\/\/www.yaacovafik.net\/tr\/wp-json\/wp\/v2\/pages\/67","targetHints":{"allow":["GET"]}}],"collection":[{"href":"https:\/\/www.yaacovafik.net\/tr\/wp-json\/wp\/v2\/pages"}],"about":[{"href":"https:\/\/www.yaacovafik.net\/tr\/wp-json\/wp\/v2\/types\/page"}],"author":[{"embeddable":true,"href":"https:\/\/www.yaacovafik.net\/tr\/wp-json\/wp\/v2\/users\/1"}],"replies":[{"embeddable":true,"href":"https:\/\/www.yaacovafik.net\/tr\/wp-json\/wp\/v2\/comments?post=67"}],"version-history":[{"count":1,"href":"https:\/\/www.yaacovafik.net\/tr\/wp-json\/wp\/v2\/pages\/67\/revisions"}],"predecessor-version":[{"id":86,"href":"https:\/\/www.yaacovafik.net\/tr\/wp-json\/wp\/v2\/pages\/67\/revisions\/86"}],"wp:attachment":[{"href":"https:\/\/www.yaacovafik.net\/tr\/wp-json\/wp\/v2\/media?parent=67"}],"curies":[{"name":"wp","href":"https:\/\/api.w.org\/{rel}","templated":true}]}}